{"id":89,"date":"2026-01-28T19:15:06","date_gmt":"2026-01-28T19:15:06","guid":{"rendered":"https:\/\/staging.and.org.do\/?page_id=89"},"modified":"2026-01-28T19:49:39","modified_gmt":"2026-01-28T19:49:39","slug":"reclutamiento","status":"publish","type":"page","link":"https:\/\/staging.and.org.do\/?page_id=89","title":{"rendered":"\u00danete"},"content":{"rendered":"<p>[et_pb_section fb_built=\"1&#8243; theme_builder_area=\"post_content\" _builder_version=\"4.27.5&#8243; _module_preset=\"default\"][et_pb_row _builder_version=\"4.27.5&#8243; _module_preset=\"default\" theme_builder_area=\"post_content\" column_structure=\"3_5,2_5&#8243;][et_pb_column _builder_version=\"4.27.5&#8243; _module_preset=\"default\" type=\"3_5&#8243; theme_builder_area=\"post_content\"][et_pb_text _builder_version=\"4.27.5&#8243; _module_preset=\"default\" theme_builder_area=\"post_content\" hover_enabled=\"0&#8243; sticky_enabled=\"0&#8243; text_font_size=\"18px\"]<\/p>\n<p>Para completar su solicitud de ingreso a los Auxilares Navales Dominicano, deber\u00e1 de tener list en formato digital:<\/p>\n<ul>\n<li><strong>Copia de su c\u00e9dula de identidad al d\u00eda<\/strong><\/li>\n<li><strong>Foto 2\u00d72 de su persona<\/strong><\/li>\n<li><strong>Certificado de no antecedentes penales, emitido en un plazo menor a 30 dias de su fecha de solicitud<\/strong><\/li>\n<li><strong>Copia(s) de la(s) matricula(s) de las embarcaciones que va a registrar \u2013 OJO \u2013 deben estar a nombre suyo o de una empresa de cual usted puede demostrar ser socio principal.<\/strong><\/li>\n<\/ul>\n<p>Si ya tienes todo listo,\u00a0<a href=\"https:\/\/intranet.and.org.do\/reclutamiento.php\">haz click aqu\u00ed para completar su solicitud!<\/a><\/p>\n<p>[\/et_pb_text][\/et_pb_column][et_pb_column _builder_version=\"4.27.5&#8243; _module_preset=\"default\" type=\"2_5&#8243; theme_builder_area=\"post_content\"][\/et_pb_column][\/et_pb_row][\/et_pb_section]<\/p>\n","protected":false},"excerpt":{"rendered":"<p>Para completar su solicitud de ingreso a los Auxilares Navales Dominicano, deber\u00e1 de tener list en formato digital: Copia de su c\u00e9dula de identidad al d\u00eda Foto 2\u00d72 de su persona Certificado de no antecedentes penales, emitido en un plazo menor a 30 dias de su fecha de solicitud Copia(s) de la(s) matricula(s) de las [&hellip;]<\/p>\n","protected":false},"author":1,"featured_media":0,"parent":0,"menu_order":0,"comment_status":"closed","ping_status":"closed","template":"","meta":{"_et_pb_use_builder":"on","_et_pb_old_content":"","_et_gb_content_width":"","footnotes":""},"class_list":["post-89","page","type-page","status-publish","hentry"],"_links":{"self":[{"href":"https:\/\/staging.and.org.do\/index.php?rest_route=\/wp\/v2\/pages\/89","targetHints":{"allow":["GET"]}}],"collection":[{"href":"https:\/\/staging.and.org.do\/index.php?rest_route=\/wp\/v2\/pages"}],"about":[{"href":"https:\/\/staging.and.org.do\/index.php?rest_route=\/wp\/v2\/types\/page"}],"author":[{"embeddable":true,"href":"https:\/\/staging.and.org.do\/index.php?rest_route=\/wp\/v2\/users\/1"}],"replies":[{"embeddable":true,"href":"https:\/\/staging.and.org.do\/index.php?rest_route=%2Fwp%2Fv2%2Fcomments&post=89"}],"version-history":[{"count":4,"href":"https:\/\/staging.and.org.do\/index.php?rest_route=\/wp\/v2\/pages\/89\/revisions"}],"predecessor-version":[{"id":147,"href":"https:\/\/staging.and.org.do\/index.php?rest_route=\/wp\/v2\/pages\/89\/revisions\/147"}],"wp:attachment":[{"href":"https:\/\/staging.and.org.do\/index.php?rest_route=%2Fwp%2Fv2%2Fmedia&parent=89"}],"curies":[{"name":"wp","href":"https:\/\/api.w.org\/{rel}","templated":true}]}}