{"id":7,"date":"2025-02-23T17:13:11","date_gmt":"2025-02-23T17:13:11","guid":{"rendered":"https:\/\/and.org.do\/?page_id=7"},"modified":"2026-02-09T23:35:55","modified_gmt":"2026-02-09T23:35:55","slug":"home","status":"publish","type":"page","link":"https:\/\/staging.and.org.do\/","title":{"rendered":"Inicio"},"content":{"rendered":"<p>[et_pb_section fb_built=\"1&#8243; _builder_version=\"4.27.4&#8243; _module_preset=\"default\" min_height=\"809.2px\" custom_margin=\"0px||||false|false\" custom_padding=\"1px||||false|false\" global_colors_info=\"{}\"][et_pb_row _builder_version=\"4.27.4&#8243; _module_preset=\"default\" global_colors_info=\"{}\"][et_pb_column type=\"4_4&#8243; _builder_version=\"4.27.4&#8243; _module_preset=\"default\" global_colors_info=\"{}\"][et_pb_gallery gallery_ids=\"472,459,438,339,293,230,187&#8243; fullwidth=\"on\" _builder_version=\"4.27.5&#8243; _module_preset=\"default\" max_width=\"65%\" module_alignment=\"center\" animation_style=\"slide\" animation_direction=\"right\" animation_duration=\"1800ms\" animation_delay=\"450ms\" auto=\"on\" auto_speed=\"4000&#8243; global_colors_info=\"{}\"][\/et_pb_gallery][et_pb_text _builder_version=\"4.27.5&#8243; _module_preset=\"default\" text_orientation=\"center\" hover_enabled=\"0&#8243; global_colors_info=\"{}\" sticky_enabled=\"0&#8243;]<\/p>\n<p><span style=\"font-weight: 400;\">Somos una organizaci\u00f3n civil voluntaria, sin fines de lucro, dedicada a apoyar a la Armada de la Rep\u00fablica Dominicana en labores de seguridad mar\u00edtima, b\u00fasqueda y rescate, y educaci\u00f3n n\u00e1utica.<\/span><\/p>\n<p><span style=\"font-weight: 400;\">Nuestra misi\u00f3n es fortalecer la cultura mar\u00edtima nacional y promover la seguridad en la navegaci\u00f3n recreativa y comercial en aguas dominicanas.<\/span><\/p>\n<p><span style=\"font-weight: 400;\">\u00danete a nosotros y forma parte de una comunidad comprometida con el servicio, la disciplina y el amor por el mar.<\/span><\/p>\n<p>[\/et_pb_text][\/et_pb_column][\/et_pb_row][\/et_pb_section]<\/p>\n","protected":false},"excerpt":{"rendered":"<p>Somos una organizaci\u00f3n civil voluntaria, sin fines de lucro, dedicada a apoyar a la Armada de la Rep\u00fablica Dominicana en labores de seguridad mar\u00edtima, b\u00fasqueda y rescate, y educaci\u00f3n n\u00e1utica. Nuestra misi\u00f3n es fortalecer la cultura mar\u00edtima nacional y promover la seguridad en la navegaci\u00f3n recreativa y comercial en aguas dominicanas. \u00danete a nosotros y [&hellip;]<\/p>\n","protected":false},"author":1,"featured_media":0,"parent":0,"menu_order":0,"comment_status":"closed","ping_status":"closed","template":"","meta":{"_et_pb_use_builder":"on","_et_pb_old_content":"","_et_gb_content_width":"","footnotes":""},"class_list":["post-7","page","type-page","status-publish","hentry"],"_links":{"self":[{"href":"https:\/\/staging.and.org.do\/index.php?rest_route=\/wp\/v2\/pages\/7","targetHints":{"allow":["GET"]}}],"collection":[{"href":"https:\/\/staging.and.org.do\/index.php?rest_route=\/wp\/v2\/pages"}],"about":[{"href":"https:\/\/staging.and.org.do\/index.php?rest_route=\/wp\/v2\/types\/page"}],"author":[{"embeddable":true,"href":"https:\/\/staging.and.org.do\/index.php?rest_route=\/wp\/v2\/users\/1"}],"replies":[{"embeddable":true,"href":"https:\/\/staging.and.org.do\/index.php?rest_route=%2Fwp%2Fv2%2Fcomments&post=7"}],"version-history":[{"count":29,"href":"https:\/\/staging.and.org.do\/index.php?rest_route=\/wp\/v2\/pages\/7\/revisions"}],"predecessor-version":[{"id":499,"href":"https:\/\/staging.and.org.do\/index.php?rest_route=\/wp\/v2\/pages\/7\/revisions\/499"}],"wp:attachment":[{"href":"https:\/\/staging.and.org.do\/index.php?rest_route=%2Fwp%2Fv2%2Fmedia&parent=7"}],"curies":[{"name":"wp","href":"https:\/\/api.w.org\/{rel}","templated":true}]}}