{"id":108,"date":"2026-01-28T19:27:20","date_gmt":"2026-01-28T19:27:20","guid":{"rendered":"https:\/\/staging.and.org.do\/?page_id=108"},"modified":"2026-02-09T23:39:25","modified_gmt":"2026-02-09T23:39:25","slug":"unidades","status":"publish","type":"page","link":"https:\/\/staging.and.org.do\/?page_id=108","title":{"rendered":"Unidades"},"content":{"rendered":"<p>[et_pb_section fb_built=\"1&#8243; _builder_version=\"4.27.5&#8243; _module_preset=\"default\" global_colors_info=\"{}\"][et_pb_row column_structure=\"1_3,2_3&#8243; _builder_version=\"4.27.5&#8243; _module_preset=\"default\" global_colors_info=\"{}\"][et_pb_column type=\"1_3&#8243; _builder_version=\"4.27.5&#8243; _module_preset=\"default\" global_colors_info=\"{}\"][et_pb_text _builder_version=\"4.27.5&#8243; _module_preset=\"default\" hover_enabled=\"0&#8243; global_colors_info=\"{}\" sticky_enabled=\"0&#8243;]<\/p>\n<p>Nuestras unidades:<\/p>\n<ul>\n<li>Ala aerea<\/li>\n<li>Comunicaci\u00f3n<\/li>\n<li>Educaci\u00f3n<\/li>\n<li>Enlace CEO<\/li>\n<li>Finanzas<\/li>\n<li>Inspecciones<\/li>\n<li>Medicina<\/li>\n<li>Medio Ambiente<\/li>\n<li>Patrullaje<\/li>\n<li>Recursos Humanos<\/li>\n<li>Relaciones P\u00fablicas<\/li>\n<li>SAR<\/li>\n<li>Tecnolog\u00eda<\/li>\n<\/ul>\n<p>&nbsp;<\/p>\n<p>[\/et_pb_text][\/et_pb_column][et_pb_column type=\"2_3&#8243; _builder_version=\"4.27.5&#8243; _module_preset=\"default\" global_colors_info=\"{}\"][\/et_pb_column][\/et_pb_row][\/et_pb_section]<\/p>\n","protected":false},"excerpt":{"rendered":"<p>Nuestras unidades: Ala aerea Comunicaci\u00f3n Educaci\u00f3n Enlace CEO Finanzas Inspecciones Medicina Medio Ambiente Patrullaje Recursos Humanos Relaciones P\u00fablicas SAR Tecnolog\u00eda &nbsp;<\/p>\n","protected":false},"author":1,"featured_media":0,"parent":0,"menu_order":0,"comment_status":"closed","ping_status":"closed","template":"","meta":{"_et_pb_use_builder":"on","_et_pb_old_content":"","_et_gb_content_width":"","footnotes":""},"class_list":["post-108","page","type-page","status-publish","hentry"],"_links":{"self":[{"href":"https:\/\/staging.and.org.do\/index.php?rest_route=\/wp\/v2\/pages\/108","targetHints":{"allow":["GET"]}}],"collection":[{"href":"https:\/\/staging.and.org.do\/index.php?rest_route=\/wp\/v2\/pages"}],"about":[{"href":"https:\/\/staging.and.org.do\/index.php?rest_route=\/wp\/v2\/types\/page"}],"author":[{"embeddable":true,"href":"https:\/\/staging.and.org.do\/index.php?rest_route=\/wp\/v2\/users\/1"}],"replies":[{"embeddable":true,"href":"https:\/\/staging.and.org.do\/index.php?rest_route=%2Fwp%2Fv2%2Fcomments&post=108"}],"version-history":[{"count":4,"href":"https:\/\/staging.and.org.do\/index.php?rest_route=\/wp\/v2\/pages\/108\/revisions"}],"predecessor-version":[{"id":502,"href":"https:\/\/staging.and.org.do\/index.php?rest_route=\/wp\/v2\/pages\/108\/revisions\/502"}],"wp:attachment":[{"href":"https:\/\/staging.and.org.do\/index.php?rest_route=%2Fwp%2Fv2%2Fmedia&parent=108"}],"curies":[{"name":"wp","href":"https:\/\/api.w.org\/{rel}","templated":true}]}}