{"id":104,"date":"2026-01-28T19:23:25","date_gmt":"2026-01-28T19:23:25","guid":{"rendered":"https:\/\/staging.and.org.do\/?page_id=104"},"modified":"2026-02-09T23:38:43","modified_gmt":"2026-02-09T23:38:43","slug":"flotillas","status":"publish","type":"page","link":"https:\/\/staging.and.org.do\/?page_id=104","title":{"rendered":"Flotillas"},"content":{"rendered":"<p>[et_pb_section fb_built=\"1&#8243; _builder_version=\"4.27.5&#8243; _module_preset=\"default\" global_colors_info=\"{}\"][et_pb_row column_structure=\"2_5,3_5&#8243; _builder_version=\"4.27.5&#8243; _module_preset=\"default\" global_colors_info=\"{}\"][et_pb_column type=\"2_5&#8243; _builder_version=\"4.27.5&#8243; _module_preset=\"default\" global_colors_info=\"{}\"][et_pb_text _builder_version=\"4.27.5&#8243; _module_preset=\"default\" hover_enabled=\"0&#8243; global_colors_info=\"{}\" sticky_enabled=\"0&#8243;]<\/p>\n<p><span style=\"font-weight: 400;\">Las flotillas son el n\u00facleo operativo de los Auxiliares Navales. Cada una est\u00e1 compuesta por unidades con embarcaciones, personal t\u00e9cnico y voluntarios capacitados.<\/span><\/p>\n<p><span style=\"font-weight: 400;\">Actualmente operamos en diversas zonas del pa\u00eds, incluyendo:<\/span><\/p>\n<ul>\n<li style=\"font-weight: 400;\" aria-level=\"1\"><span style=\"font-weight: 400;\">Barahona<\/span><\/li>\n<li style=\"font-weight: 400;\" aria-level=\"1\"><span style=\"font-weight: 400;\">Haina<\/span><\/li>\n<li style=\"font-weight: 400;\" aria-level=\"1\"><span style=\"font-weight: 400;\">La Romana<\/span><\/li>\n<li style=\"font-weight: 400;\" aria-level=\"1\"><span style=\"font-weight: 400;\">Luperon<\/span><\/li>\n<li style=\"font-weight: 400;\" aria-level=\"1\"><span style=\"font-weight: 400;\">Monte Cristi<\/span><\/li>\n<li style=\"font-weight: 400;\" aria-level=\"1\"><span style=\"font-weight: 400;\">Palmar de Ocoa<\/span><\/li>\n<li style=\"font-weight: 400;\" aria-level=\"1\"><span style=\"font-weight: 400;\">Puerto Plata<\/span><\/li>\n<li style=\"font-weight: 400;\" aria-level=\"1\"><span style=\"font-weight: 400;\">Punta Cana<\/span><\/li>\n<li style=\"font-weight: 400;\" aria-level=\"1\"><span style=\"font-weight: 400;\">Samana<\/span><\/li>\n<li style=\"font-weight: 400;\" aria-level=\"1\"><span style=\"font-weight: 400;\">Santo Domingo<\/span><\/li>\n<\/ul>\n<p><span style=\"font-weight: 400;\">Cada flotilla cumple misiones locales de apoyo, vigilancia, y capacitaci\u00f3n.<\/span><\/p>\n<p>[\/et_pb_text][\/et_pb_column][et_pb_column type=\"3_5&#8243; _builder_version=\"4.27.5&#8243; _module_preset=\"default\" global_colors_info=\"{}\"][\/et_pb_column][\/et_pb_row][\/et_pb_section]<\/p>\n","protected":false},"excerpt":{"rendered":"<p>Las flotillas son el n\u00facleo operativo de los Auxiliares Navales. Cada una est\u00e1 compuesta por unidades con embarcaciones, personal t\u00e9cnico y voluntarios capacitados. Actualmente operamos en diversas zonas del pa\u00eds, incluyendo: Barahona Haina La Romana Luperon Monte Cristi Palmar de Ocoa Puerto Plata Punta Cana Samana Santo Domingo Cada flotilla cumple misiones locales de apoyo, [&hellip;]<\/p>\n","protected":false},"author":1,"featured_media":0,"parent":0,"menu_order":0,"comment_status":"closed","ping_status":"closed","template":"","meta":{"_et_pb_use_builder":"on","_et_pb_old_content":"","_et_gb_content_width":"","footnotes":""},"class_list":["post-104","page","type-page","status-publish","hentry"],"_links":{"self":[{"href":"https:\/\/staging.and.org.do\/index.php?rest_route=\/wp\/v2\/pages\/104","targetHints":{"allow":["GET"]}}],"collection":[{"href":"https:\/\/staging.and.org.do\/index.php?rest_route=\/wp\/v2\/pages"}],"about":[{"href":"https:\/\/staging.and.org.do\/index.php?rest_route=\/wp\/v2\/types\/page"}],"author":[{"embeddable":true,"href":"https:\/\/staging.and.org.do\/index.php?rest_route=\/wp\/v2\/users\/1"}],"replies":[{"embeddable":true,"href":"https:\/\/staging.and.org.do\/index.php?rest_route=%2Fwp%2Fv2%2Fcomments&post=104"}],"version-history":[{"count":3,"href":"https:\/\/staging.and.org.do\/index.php?rest_route=\/wp\/v2\/pages\/104\/revisions"}],"predecessor-version":[{"id":501,"href":"https:\/\/staging.and.org.do\/index.php?rest_route=\/wp\/v2\/pages\/104\/revisions\/501"}],"wp:attachment":[{"href":"https:\/\/staging.and.org.do\/index.php?rest_route=%2Fwp%2Fv2%2Fmedia&parent=104"}],"curies":[{"name":"wp","href":"https:\/\/api.w.org\/{rel}","templated":true}]}}